{"id":1161,"date":"2024-04-09T16:23:51","date_gmt":"2024-04-09T14:23:51","guid":{"rendered":"https:\/\/www.adorna.es\/avis-legal\/"},"modified":"2024-04-12T18:47:58","modified_gmt":"2024-04-12T16:47:58","slug":"avis-legal","status":"publish","type":"page","link":"https:\/\/www.adorna.es\/ca\/avis-legal\/","title":{"rendered":"Av\u00eds Legal"},"content":{"rendered":"\t\t<div data-elementor-type=\"wp-page\" data-elementor-id=\"1161\" class=\"elementor elementor-1161 elementor-635\" data-elementor-post-type=\"page\">\n\t\t\t\t<div class=\"elementor-element elementor-element-1e94062 e-flex e-con-boxed e-con e-parent\" data-id=\"1e94062\" data-element_type=\"container\" data-e-type=\"container\">\n\t\t\t\t\t<div class=\"e-con-inner\">\n\t\t\t\t<div class=\"elementor-element elementor-element-31e0293 de_scroll_animation_no elementor-widget elementor-widget-heading\" data-id=\"31e0293\" data-element_type=\"widget\" data-e-type=\"widget\" data-widget_type=\"heading.default\">\n\t\t\t\t<div class=\"elementor-widget-container\">\n\t\t\t\t\t<h1 class=\"elementor-heading-title elementor-size-default\">Av\u00eds Legal<\/h1>\t\t\t\t<\/div>\n\t\t\t\t<\/div>\n\t\t\t\t<div class=\"elementor-element elementor-element-1407167 de_scroll_animation_no elementor-widget elementor-widget-text-editor\" data-id=\"1407167\" data-element_type=\"widget\" data-e-type=\"widget\" data-widget_type=\"text-editor.default\">\n\t\t\t\t<div class=\"elementor-widget-container\">\n\t\t\t\t\t\t\t\t\t<p>En compliment de l&#8217;article 10 de la Llei 34\/2002, d&#8217;11 de juliol, de Serveis de la Societat de la Informaci\u00f3 i de Comer\u00e7 Electr\u00f2nic (en endavant, LSSI), procedim a indicar:<\/p>\n<p>Titular de la p\u00e0gina web: <strong>Adorna (Sergi Adorna Molina)<\/strong><\/p>\n<ul>\n<li>Adre\u00e7a: C\/Guillem de Palafolls n\u00ba13, 2. \u2013 08380 Malgrat de Mar (Barcelona)<\/li>\n<li>CP: 08380 \u2013 Malgrat de Mar<\/li>\n<li>CIF: 45549749C<\/li>\n<\/ul>\n<h4>Propietat intel\u00b7lectual i responsabilitat sobre els continguts.<\/h4>\n<p>Queda prohibit qualsevol \u00fas de tots els continguts de la p\u00e0gina web d&#8217; Adorna, espec\u00edficament sobre els textos, disseny, obres, marques, logotips, codi font, imatges i qualsevol altre susceptible de protecci\u00f3, sense l&#8217; autoritzaci\u00f3 expressa dels seus titulars, llevat de la possibilitat de compartir continguts quan Adorna aix\u00ed ho autoritzi.<\/p>\n<p>Qualsevol \u00fas no perm\u00e8s ser\u00e0 degudament perseguit pels leg\u00edtims propietaris. Igualment, tots els noms comercials, marques o signes distintius de qualsevol classe continguts a la p\u00e0gina web d&#8217;Adorna estan protegits per la llei.<\/p>\n<p>Adorna no es fa responsable dels continguts als quals s&#8217;adreguen els enlla\u00e7os ubicats a la p\u00e0gina web, si s&#8217;escau, segons el que estableix l&#8217;article 17 de la LSSI.<\/p>\n<p>Adorna no concedeix cap tipus de llic\u00e8ncia o autoritzaci\u00f3 d&#8217;\u00fas personal o professional a l&#8217;Usuari sobre els seus drets de propietat intel\u00b7lectual i industrial o sobre qualsevol altre dret relacionat amb la seva p\u00e0gina web i els serveis oferts en la mateixa.<\/p>\n<p>Per aix\u00f2, l&#8217;Usuari reconeix que la reproducci\u00f3, distribuci\u00f3, comercialitzaci\u00f3, transformaci\u00f3, i en general, qualsevol altra forma d&#8217;explotaci\u00f3, per qualsevol procediment, de tot o part dels continguts d&#8217;aquesta p\u00e0gina web constitueix una infracci\u00f3 dels drets de propietat intel\u00b7lectual i\/o industrial d&#8217;Adorna o del titular dels mateixos, podent donar lloc a l&#8217;exercici per part d&#8217;Adorna de totes les accions judicials o extrajudicials que poguessin correspondre en exercici de drets.<\/p>\n<p>Aix\u00ed mateix, la informaci\u00f3 a la qual l&#8217;usuari pot accedir a trav\u00e9s de la p\u00e0gina web d&#8217;Adorna, pot estar protegida per drets de propietat industrial, intel\u00b7lectual o d&#8217;una altra \u00edndole. En conseq\u00fc\u00e8ncia, Adorna no ser\u00e0 responsable en cap cas i sota cap concepte de les infraccions que pugui cometre l&#8217;Usuari en relaci\u00f3 amb aquests drets.<\/p>\n<p>Legislaci\u00f3 aplicable i jurisdicci\u00f3 competent.<\/p>\n<p>Aquesta pol\u00edtica legal queda subjecta al que estableixen les lleis espanyoles. Per a qualsevol conflicte derivat de la interpretaci\u00f3 de les mateixes, les parts se sotmeten a la jurisdicci\u00f3 dels Tribunals de la ciutat de Barcelona, sempre que aix\u00f2 no sigui contrari al que disposa l&#8217; article 29 de la LSSI.<\/p>\n<h4>Condicions d&#8217; \u00fas.<\/h4>\n<p>L&#8217;Usuari es compromet a utilitzar la p\u00e0gina web, els continguts i serveis de conformitat amb la Llei, el present Av\u00eds Legal, els bons costums i l&#8217;ordre p\u00fablic. De la mateixa manera, l&#8217;Usuari s&#8217;obliga a no utilitzar la p\u00e0gina web, els seus continguts o serveis que es prestin a trav\u00e9s d&#8217;aquesta amb finalitats o efectes il\u00b7l\u00edcits, sent contraris a aquesta pol\u00edtica legal, o lesius d&#8217;interessos o drets de tercers, o que de qualsevol altra forma, puguin danyar, inutilitzar, fer inaccessibles o deteriorar la p\u00e0gina web,  els seus continguts o els seus serveis o impedir-ne un \u00fas normal per part d&#8217; altres usuaris.<\/p>\n<p>Aix\u00ed mateix, l&#8217;Usuari es compromet expressament a no destruir, alterar, inutilitzar o, de qualsevol altra manera, danyar les dades, programes o documents electr\u00f2nics que es trobin a la p\u00e0gina web.<\/p>\n<h4>Condicions particulars.<\/h4>\n<p>Aquest Av\u00eds Legal \u00e9s d&#8217;aplicaci\u00f3 per a qualsevol Usuari que accedeixi a la p\u00e0gina web titularitat d&#8217;Adorna.<\/p>\n<p>Els usuaris que lliurin les seves dades personals per a qualsevol de les funcionalitats de la p\u00e0gina web d&#8217;Adorna, hauran d&#8217;acceptar la Pol\u00edtica de Privacitat.<\/p>\n\t\t\t\t\t\t\t\t<\/div>\n\t\t\t\t<\/div>\n\t\t\t\t\t<\/div>\n\t\t\t\t<\/div>\n\t\t\t\t<\/div>\n\t\t","protected":false},"excerpt":{"rendered":"<p>En compliment de l&#8217;article 10 de la Llei 34\/2002, d&#8217;11 de juliol, de Serveis de la Societat de la Informaci\u00f3 i de Comer\u00e7 Electr\u00f2nic (en endavant, LSSI), procedim a indicar: Titular de la p\u00e0gina web: Adorna (Sergi Adorna Molina) Adre\u00e7a: C\/Guillem de Palafolls n\u00ba13, 2. \u2013 08380 Malgrat de Mar (Barcelona) CP: 08380 \u2013 Malgrat [&hellip;]<\/p>\n","protected":false},"author":1,"featured_media":0,"parent":0,"menu_order":0,"comment_status":"closed","ping_status":"closed","template":"","meta":{"footnotes":""},"class_list":["post-1161","page","type-page","status-publish","hentry"],"_links":{"self":[{"href":"https:\/\/www.adorna.es\/ca\/wp-json\/wp\/v2\/pages\/1161","targetHints":{"allow":["GET"]}}],"collection":[{"href":"https:\/\/www.adorna.es\/ca\/wp-json\/wp\/v2\/pages"}],"about":[{"href":"https:\/\/www.adorna.es\/ca\/wp-json\/wp\/v2\/types\/page"}],"author":[{"embeddable":true,"href":"https:\/\/www.adorna.es\/ca\/wp-json\/wp\/v2\/users\/1"}],"replies":[{"embeddable":true,"href":"https:\/\/www.adorna.es\/ca\/wp-json\/wp\/v2\/comments?post=1161"}],"version-history":[{"count":0,"href":"https:\/\/www.adorna.es\/ca\/wp-json\/wp\/v2\/pages\/1161\/revisions"}],"wp:attachment":[{"href":"https:\/\/www.adorna.es\/ca\/wp-json\/wp\/v2\/media?parent=1161"}],"curies":[{"name":"wp","href":"https:\/\/api.w.org\/{rel}","templated":true}]}}