{"id":1187,"date":"2024-02-29T07:45:51","date_gmt":"2024-02-29T06:45:51","guid":{"rendered":"https:\/\/www.adorna.es\/politica-de-privacitat\/"},"modified":"2024-04-12T18:47:58","modified_gmt":"2024-04-12T16:47:58","slug":"politica-de-privacitat","status":"publish","type":"page","link":"https:\/\/www.adorna.es\/ca\/politica-de-privacitat\/","title":{"rendered":"Pol\u00edtica de Privacitat"},"content":{"rendered":"\t\t<div data-elementor-type=\"wp-page\" data-elementor-id=\"1187\" class=\"elementor elementor-1187 elementor-3\" data-elementor-post-type=\"page\">\n\t\t\t\t<div class=\"elementor-element elementor-element-4d7b2b3a e-flex e-con-boxed e-con e-parent\" data-id=\"4d7b2b3a\" data-element_type=\"container\" data-e-type=\"container\">\n\t\t\t\t\t<div class=\"e-con-inner\">\n\t\t\t\t<div class=\"elementor-element elementor-element-91b72c0 de_scroll_animation_no elementor-widget elementor-widget-heading\" data-id=\"91b72c0\" data-element_type=\"widget\" data-e-type=\"widget\" data-widget_type=\"heading.default\">\n\t\t\t\t<div class=\"elementor-widget-container\">\n\t\t\t\t\t<h1 class=\"elementor-heading-title elementor-size-default\">Pol\u00edtica de Privacitat<\/h1>\t\t\t\t<\/div>\n\t\t\t\t<\/div>\n\t\t\t\t<div class=\"elementor-element elementor-element-776a2bbf de_scroll_animation_no elementor-widget elementor-widget-text-editor\" data-id=\"776a2bbf\" data-element_type=\"widget\" data-e-type=\"widget\" data-widget_type=\"text-editor.default\">\n\t\t\t\t<div class=\"elementor-widget-container\">\n\t\t\t\t\t\t\t\t\t<p>El TITULAR del web es compromet a protegir la privacitat dels usuaris que accedeixin a aquesta web i\/o qualsevol dels seus serveis. La utilitzaci\u00f3 de la web i\/o de qualsevol dels serveis oferts pel TITULAR, implica l&#8217;acceptaci\u00f3 per part de l&#8217;Usuari de les disposicions contingudes en la present Pol\u00edtica de Privacitat.<\/p>\n<p>Per favor, tingui en compte que encara que hi pugui haver enlla\u00e7os de la nostra web a altres webs, aquesta Pol\u00edtica de Privacitat no s&#8217;aplica a les webs d&#8217;altres companyies o organitzacions a les quals el web estigui redirigida. El TITULAR no controla el contingut dels llocs de tercers ni accepta cap tipus de responsabilitat pel contingut o les pol\u00edtiques de privacitat d&#8217;aquests llocs, tal com s&#8217;indica en el nostre Av\u00eds Legal.<\/p>\n<p>En compliment del Reglament (UE) 2016\/679 del Parlament Europeu i del Consell, de 27 d&#8217;abril de 2016, (RGPD) i la Llei Org\u00e0nica 3\/2018, de 5 de desembre, de Protecci\u00f3 de Dades Personals i garantia dels drets digitals (LOPDGDD), els oferim la seg\u00fcent informaci\u00f3 sobre el tractament de les seves dades personals:<\/p>\n<p><strong>Qui \u00e9s el responsable del tractament de les seves dades?<\/strong><\/p>\n<p>El Responsable del tractament de les seves dades \u00e9s Adorna (Sergi Adorna Molina) amb CIF 45549749C i domicili al C\/Guillem de Palafolls n\u00ba13, 2. \u2013 08380 Malgrat de Mar (Barcelona) (en endavant, &#8220;Adorna&#8221;).<\/p>\n<p>Les nostres dades figuren en l&#8217;Av\u00eds Legal d&#8217;aquesta web.<\/p>\n<p><strong>Principis que Adorna aplicar\u00e0 a la informaci\u00f3 personal dels interessats<\/strong><\/p>\n<p>En el tractament de dades personals dels Interessats, Adorna aplicar\u00e0 els seg\u00fcents principis que s&#8217; ajusten a les exig\u00e8ncies de la normativa vigent de protecci\u00f3 de dades:<\/p>\n<ul>\n<li>Principi de licitud, lleialtat i transpar\u00e8ncia: Sempre requerir\u00e9 el seu consentiment per al tractament de les seves dades personals per a un o diverses finalitats espec\u00edfiques que l&#8217; informar\u00e9 pr\u00e8viament amb absoluta transpar\u00e8ncia.<\/li>\n<li>Principi de minimitzaci\u00f3 de dades: Nom\u00e9s sol\u00b7licitar\u00e9 dades estrictament necess\u00e0ries en relaci\u00f3 amb les finalitats per a les quals les requereixo. Els m\u00ednims possibles.<\/li>\n<li>Principi de limitaci\u00f3 del terme de conservaci\u00f3: les dades seran mantingudes durant no m\u00e9s temps del necessari per a les finalitats del tractament, en funci\u00f3 de la finalitat, l&#8217; informar\u00e9 del terme de conservaci\u00f3 corresponent, en el cas de subscripcions, peri\u00f2dicament revisar\u00e9 les meves llistes i eliminar\u00e9 aquells registres inactius durant un temps considerable.<\/li>\n<li>Principi d&#8217; integritat i confidencialitat: Les seves dades seran tractades de manera que es garanteixi una seguretat adequada de les dades personals i es garanteixi confidencialitat. Ha de saber que prenc totes les precaucions necess\u00e0ries per evitar l&#8217;acc\u00e9s no autoritzat o \u00fas indegut de les dades dels meus usuaris per part de tercers.<\/li>\n<\/ul>\n<p><strong>Amb quina finalitat tractem les seves dades personals?<\/strong><\/p>\n<p>Amb el consentiment de l&#8217; interessat o atenent els interessos leg\u00edtims d&#8217; Adorna, utilitzarem les dades de l&#8217; interessat per dur a terme algunes de les seg\u00fcents accions basant-nos en la base de legitimaci\u00f3 respectiva:<\/p>\n<ul>\n<li>Atendre les trucades, correus o consultes dels nostres Clients i Usuaris.<\/li>\n<li>Dur a terme l&#8217; execuci\u00f3, la gesti\u00f3 i la facturaci\u00f3 dels contractes subscrits per part dels nostres Clients a trav\u00e9s dels canals establerts a aquest efecte.<\/li>\n<li>Gestionar les reclamacions o queixes plantejades davant Adorna.<\/li>\n<\/ul>\n<p><strong>Durant quant temps conservarem les seves dades?<\/strong><\/p>\n<p>Les dades personals proporcionades per l&#8217;interessat es conservaran mentre estigui vigent la relaci\u00f3 i\/o el contracte subscrit entre l&#8217;interessat i Adorna i, una vegada es produeixi la seva finalitzaci\u00f3, seran bloquejades fins que transcorrin els termes de prescripci\u00f3 aplicables.<\/p>\n<p>En cas que hagi consentit el seu tractament, fins que l&#8217; interessat demani la seva supressi\u00f3, moment en el qual seran bloquejats fins que transcorrin els termes de prescripci\u00f3 aplicables.<\/p>\n<p><strong>Quina \u00e9s la legitimaci\u00f3 per al tractament de les seves dades?<\/strong><\/p>\n<p>La base legal per al tractament de les seves dades per a les finalitats anteriorment descrites \u00e9s el seu consentiment, lliurement atorgat en marcar les caselles d&#8217;acceptaci\u00f3 dels formularis de recollida de dades de la nostra p\u00e0gina web (art. 6.1.a) del RGPD)<\/p>\n<p><strong>A quins destinataris es comunicaran les seves dades?<\/strong><\/p>\n<p>Les dades personals de l&#8217; interessat podran ser cedides als destinataris seg\u00fcents:<\/p>\n<ul>\n<li>Administracions P\u00fabliques (Hisenda, Seguretat Social, Ajuntaments, Generalitat, Diputacions) i Jutjats i Tribunals, quan aix\u00ed ho estableixi una disposici\u00f3 legal aplicable.<\/li>\n<li>Prove\u00efdors que presten serveis a Adorna relacionats amb la gesti\u00f3 del contracte formalitzat i que tenen la condici\u00f3 d&#8217;encarregats del tractament, com ara, per\u00f2 no limitant-se a entitats financeres, entitats de detecci\u00f3 i prevenci\u00f3 del frau, prove\u00efdors de serveis tecnol\u00f2gics, prove\u00efdors i col\u00b7laboradors de serveis de log\u00edstica, transport i entrega o prove\u00efdors de serveis relacionats amb l&#8217;atenci\u00f3 al client,  entitats de gesti\u00f3 de notificacions electr\u00f2niques (nom\u00e9s en cas d&#8217;haver contractat aquest servei), advocats o gestories, bancs o entitats jur\u00eddiques o f\u00edsiques vinculades a Adorna d&#8217;alguna manera.<\/li>\n<\/ul>\n<p>En qualsevol cas, els tercers amb els quals es comparteixin determinades dades de car\u00e0cter personal de l&#8217; interessat hauran acreditat pr\u00e8viament l&#8217; adopci\u00f3 de mesures adequades per protegir-les correctament.<\/p>\n<p><strong>Quins s\u00f3n els seus drets quan ens facilita les seves dades?<\/strong><\/p>\n<p>Qualsevol persona t\u00e9 dret a obtenir confirmaci\u00f3 sobre si estem tractant dades personals que li concerneixen. Les persones interessades tenen dret a accedir a les seves dades personals, aix\u00ed com a sol\u00b7licitar la rectificaci\u00f3 de les dades inexactes o, si s&#8217;escau, sol\u00b7licitar la seva supressi\u00f3 quan, entre altres motius, les dades ja no siguin necess\u00e0ries per a les finalitats per a les quals van ser recollides.<\/p>\n<p>En determinats sup\u00f2sits, l&#8217; interessat tindr\u00e0 dret a demanar la limitaci\u00f3 del tractament de les dades, cas en el qual \u00fanicament les conservarem per a l&#8217; exercici o la defensa de reclamacions.<\/p>\n<p>En determinades circumst\u00e0ncies i per motius relacionats amb la seva situaci\u00f3 particular, els interessats poden oposar-se al tractament de les seves dades. En aquest cas, Adorna deixar\u00e0 de tractar les dades, excepte per motius leg\u00edtims imperiosos o l&#8217; exercici o la defensa de possibles reclamacions.<\/p>\n<p>En qualsevol dels casos anteriors, Adorna comunicar\u00e0 qualsevol rectificaci\u00f3 o supressi\u00f3 de dades personals, aix\u00ed com qualsevol limitaci\u00f3 de tractament efectuada a cadascun dels destinataris als quals s&#8217; hagin comunicat les dades personals, llevat que sigui o exigeixi un esfor\u00e7 desproporcionat. Si aix\u00ed ho demana l&#8217;interessat, Adorna l&#8217;informar\u00e0 sobre aquests destinataris.<\/p>\n<p>Aix\u00ed mateix, l&#8217; interessat tindr\u00e0 dret a rebre les dades personals que li incumbeixin, que hagi facilitat a Adorna, en un format estructurat, d&#8217; \u00fas com\u00fa i lectura mec\u00e0nica, i a transmetre&#8217; ls a un altre responsable quan el tractament es basi en el consentiment o en un contracte i s&#8217; efectu\u00ef per mitjans automatitzats.<\/p>\n<p>L&#8217; interessat tindr\u00e0 dret a oposar-se en qualsevol moment, per motius relacionats amb la seva situaci\u00f3 particular, que dades personals que li concerneixen siguin objecte d&#8217; un tractament basat en l&#8217; inter\u00e8s p\u00fablic o leg\u00edtim per Adorna o un tercer, incloent-hi l&#8217; elaboraci\u00f3 de perfils, perqu\u00e8 Adorna deixi de tractar les dades personals, llevat que aquestes puguin acreditar motius leg\u00edtims imperiosos per al tractament que prevalguin sobre els interessos,  drets i llibertats de l&#8217; interessat, o per a la formulaci\u00f3, exercici o defensa de reclamacions.<\/p>\n<p>Aix\u00ed mateix, l&#8217; interessat t\u00e9 dret a no ser objecte d&#8217; una decisi\u00f3 basada \u00fanicament en el tractament automatitzat, inclosa l&#8217; elaboraci\u00f3 de perfils, que produeixi efectes jur\u00eddics o l&#8217; afecti significativament, llevat que aquesta decisi\u00f3 sigui necess\u00e0ria per a la celebraci\u00f3 o l&#8217; execuci\u00f3 d&#8217; un contracte amb Adorna i estigui autoritzada per la legalitat europea o estatal vigent o es basi en el consentiment expl\u00edcit de l&#8217; interessat.<\/p>\n<p>Finalment, l&#8217; interessat tindr\u00e0 dret a presentar reclamaci\u00f3 davant les autoritats de protecci\u00f3 de dades.<\/p>\n<p><strong>Dades de tercers<\/strong><\/p>\n<p>En cas que l&#8217; interessat hagi proporcionat dades de car\u00e0cter personal de terceres persones, garanteix que les ha demanat l\u00edcitament i que ha subministrat a l&#8217; afectat la informaci\u00f3 necess\u00e0ria sobre el tractament de les seves dades i es fa responsable de demanar el consentiment de qualsevol afectat per a la cessi\u00f3 i tractament de les seves dades de car\u00e0cter personal per part d&#8217; Adorna i dels destinataris contemplats en la present Pol\u00edtica de Privacitat.<\/p>\n<p><strong>Seguretat<\/strong><\/p>\n<p>Aquest lloc web utilitza t\u00e8cniques de seguretat de la informaci\u00f3 com firewalls, procediments de control d&#8217;acc\u00e9s i mecanismes criptogr\u00e0fics. Tots aquests sistemes de seguretat s&#8217;utilitzen per evitar l&#8217;acc\u00e9s no autoritzat a les dades tractades a trav\u00e9s del web. Totes les dades que s&#8217;hagin d&#8217;introduir a trav\u00e9s dels canals habilitats a aquest efecte al lloc web seran transmeses mitjan\u00e7ant un protocol de comunicaci\u00f3 segura (https:\/\/&#8230;) de manera que cap tercer tingui acc\u00e9s a aquesta informaci\u00f3.<\/p>\n<p><strong>Com pot exercir els seus drets?<\/strong><\/p>\n<p>Els referits drets d&#8217;acc\u00e9s, rectificaci\u00f3, supressi\u00f3, oposici\u00f3, portabilitat i limitaci\u00f3, aix\u00ed com si no s\u00f3n objecte de decisions individuals automatitzades, podran ser exercits enviant una sol\u00b7licitud escrita amb c\u00f2pia adjunta del seu DNI a trav\u00e9s de la seg\u00fcent adre\u00e7a de correu electr\u00f2nic: &lt;a href=&#8221;mailto:fiscal@analisisgerencial.cat&#8221;&gt;<a href=\"mailto:fiscal@analisisgerencial.cat\" target=\"_new\">fiscal@analisisgerencial.cat<\/a> &lt;\/a&gt;.<\/p>\n<p><strong>Com hem obtingut les seves dades?<\/strong><\/p>\n<p>Les dades personals que tracta Adorna procedeixen de:<\/p>\n<ul>\n<li>Formulari de contacte. Vost\u00e8 com a Usuari qui garanteix que les dades personals facilitades s\u00f3n certes i es fa responsable de comunicar qualsevol modificaci\u00f3. Les dades que s&#8217; hagin d&#8217; introduir en un camp que estigui marcat amb un bifocal s\u00f3n obligat\u00f2ries per poder prestar-li el servei demanat.<\/li>\n<\/ul>\n<p><strong>Quines dades tractem?<\/strong><\/p>\n<p>Les categories de dades que podem tractar s\u00f3n:<\/p>\n<ul>\n<li>Dades identificatives (nom i cognoms, adre\u00e7a, tel\u00e8fon)<\/li>\n<li>Qualsevol altra dada de car\u00e0cter personal necessari per a la correcta execuci\u00f3 de la relaci\u00f3 entre l&#8217; interessat i Adorna La negativa per part de l&#8217; interessat a facilitar-nos determinades dades podria obstaculitzar el desenvolupament de la relaci\u00f3 entre aquest i Adorna, veient-se afectada la prestaci\u00f3 de serveis d&#8217; Adorna.<\/li>\n<\/ul>\n<p>Si l&#8217;interessat t\u00e9 qualsevol dubte en relaci\u00f3 amb aquest apartat s&#8217;ha de posar en contacte amb Adorna a trav\u00e9s de la direcci\u00f3 facilitada en l&#8217;apartat &#8220;Responsable de Tractament&#8221;.<\/p>\n<p><strong>Utilitzem cookies?<\/strong><\/p>\n<p>Utilitzem cookies durant la navegaci\u00f3 a la nostra web amb el consentiment informat de l&#8217;Usuari. L&#8217;Usuari pot configurar el seu navegador per ser avisat de la utilitzaci\u00f3 de cookies i per evitar-ne l&#8217;\u00fas. Per obtenir m\u00e9s informaci\u00f3 visiteu la nostra Pol\u00edtica de Cookies.<\/p>\n<p><strong>Quines mesures de seguretat apliquem?<\/strong><\/p>\n<p>Apliquem les mesures de seguretat establertes a l&#8217; article 32 del RGPD, per tant hem adoptat les mesures de seguretat necess\u00e0ries per garantir un nivell de seguretat adequat al risc del tractament de dades que realitzem, amb mecanismes que ens permeten garantir la confidencialitat, integritat, disponibilitat i resili\u00e8ncia permanent dels sistemes i serveis de tractament.<\/p>\n<p>Algunes d&#8217; aquestes mesures s\u00f3n:<\/p>\n<ul>\n<li>Informaci\u00f3 de les pol\u00edtiques de tractament de dades al personal.<\/li>\n<li>Realitzaci\u00f3 de c\u00f2pies de seguretat peri\u00f2diques.<\/li>\n<li>Control d&#8217; acc\u00e9s a les dades.<\/li>\n<li>Processos de verificaci\u00f3, avaluaci\u00f3 i valoraci\u00f3 regulars.<\/li>\n<\/ul>\n<p><strong>Modificacions de la nostra Pol\u00edtica de Privacitat<\/strong><\/p>\n<p>Ocasionalment, Adorna podr\u00e0 realitzar modificacions i correccions a la seva Pol\u00edtica de Privacitat. Per favor, verifiqui aquest apartat regularment per consultar els canvis que puguin haver existit i com poden afectar-lo.<\/p>\t\t\t\t\t\t\t\t<\/div>\n\t\t\t\t<\/div>\n\t\t\t\t\t<\/div>\n\t\t\t\t<\/div>\n\t\t\t\t<\/div>\n\t\t","protected":false},"excerpt":{"rendered":"<p>El TITULAR del web es compromet a protegir la privacitat dels usuaris que accedeixin a aquesta web i\/o qualsevol dels seus serveis. La utilitzaci\u00f3 de la web i\/o de qualsevol dels serveis oferts pel TITULAR, implica l&#8217;acceptaci\u00f3 per part de l&#8217;Usuari de les disposicions contingudes en la present Pol\u00edtica de Privacitat. Per favor, tingui en [&hellip;]<\/p>\n","protected":false},"author":1,"featured_media":0,"parent":0,"menu_order":0,"comment_status":"closed","ping_status":"closed","template":"","meta":{"footnotes":""},"class_list":["post-1187","page","type-page","status-publish","hentry"],"_links":{"self":[{"href":"https:\/\/www.adorna.es\/ca\/wp-json\/wp\/v2\/pages\/1187","targetHints":{"allow":["GET"]}}],"collection":[{"href":"https:\/\/www.adorna.es\/ca\/wp-json\/wp\/v2\/pages"}],"about":[{"href":"https:\/\/www.adorna.es\/ca\/wp-json\/wp\/v2\/types\/page"}],"author":[{"embeddable":true,"href":"https:\/\/www.adorna.es\/ca\/wp-json\/wp\/v2\/users\/1"}],"replies":[{"embeddable":true,"href":"https:\/\/www.adorna.es\/ca\/wp-json\/wp\/v2\/comments?post=1187"}],"version-history":[{"count":0,"href":"https:\/\/www.adorna.es\/ca\/wp-json\/wp\/v2\/pages\/1187\/revisions"}],"wp:attachment":[{"href":"https:\/\/www.adorna.es\/ca\/wp-json\/wp\/v2\/media?parent=1187"}],"curies":[{"name":"wp","href":"https:\/\/api.w.org\/{rel}","templated":true}]}}